{"id":7997,"date":"2022-09-05T17:16:10","date_gmt":"2022-09-05T16:16:10","guid":{"rendered":"https:\/\/guiasoficialescv.com\/nuestros-guias\/"},"modified":"2022-09-05T17:42:29","modified_gmt":"2022-09-05T16:42:29","slug":"our-guides","status":"publish","type":"page","link":"https:\/\/guiasoficialescv.com\/en\/our-guides\/","title":{"rendered":"Guides"},"content":{"rendered":"\n<div class=\"wp-block-columns texto-guias superior is-layout-flex wp-container-core-columns-is-layout-9d6595d7 wp-block-columns-is-layout-flex\">\n<div class=\"wp-block-column texto-evidenciado is-layout-flow wp-block-column-is-layout-flow\" style=\"flex-basis:40%\">\n<p>Are you planning on taking a few days off to get lost somewhere? Don\u2019t give it another thought, we have the perfect destination for your next holiday: the Valencian Community.<\/p>\n<\/div>\n\n\n\n<div class=\"wp-block-column is-layout-flow wp-block-column-is-layout-flow\" style=\"flex-basis:10%\"><\/div>\n\n\n\n<div class=\"wp-block-column texto-corrido is-layout-flow wp-block-column-is-layout-flow\" style=\"flex-basis:50%\">\n<p>Exquisite cuisine for foodie lovers, hiking trails for the more adventurous, dozens of museums for people passionate about culture and hundreds of options to enjoy nightlight. The Valencian Community is unique. The place par excellence for discovering and getting to know marvellous places. Learning doesn\u2019t have to be at odds with entertainment. How is this possible? By counting on accredited professionals with large experience: <strong>the official tourist guides of the Valencian Community.<\/strong><\/p>\n\n\n\n<p>The figure of the tourist guide is probably the most important factor in creating a travel experience that you will remember for a lifetime. Those professionals who leave you with a deep desire to return to your destination, or even those who leave you with the feeling of having discovered a new place with an old friend.<\/p>\n\n\n\n<p>And, why should you discover the most magical corners of the Valencian Community with our official guides? Our guides always offer a plus: extensive knowledge of the destination, curious anecdotes, stories that will make you enjoy the tour more and, of course, in your mother tongue. The official guides of the Valencian Community are accredited to make your trip a memorable experience.<\/p>\n\n\n\n<p>Tourist guides bring added value to your trip: the first thing is that they will provide you with safety and confidence as they are accredited professionals who know the area better than anyone. But it is much more. They will help you make the most of your time in the city, since the tourist guides will manage to squeeze in every minute during the intense tours. Furthermore, they will always provide you with accurate and attractive information, which without their presence you would only be able to get to know in history, art and nature books. And, what can we say about the guides who discover hidden places practically unknown to the rest of us? The extensive knowledge of a tourist guide has no comparison with doing the trip alone or with a paper guide.<\/p>\n\n\n\n<p>Another advantage of having a tour guide during your trip is that he\/she recommends unique places where you can best enjoy your experience: such as exquisite restaurants, special shops or services you may need. And not only that: he also tells you about the culture, the customs and the way of being of the people who live there, so that you get a global idea of the place you are visiting.<\/p>\n<\/div>\n<\/div>\n\n\n\n<div class=\"wp-block-columns nuestros-guias is-layout-flex wp-container-core-columns-is-layout-9d6595d7 wp-block-columns-is-layout-flex\">\n<div class=\"wp-block-column sidebar-lista is-layout-flow wp-block-column-is-layout-flow\" style=\"flex-basis:20%\">\n<div class=\"wp-block-group widget\"><div class=\"wp-block-group__inner-container is-layout-flow wp-block-group-is-layout-flow\">\n<h2 class=\"wp-block-heading\">Guide location<\/h2>\n\n\n\n<\/div><\/div>\n\n\n\n<div class=\"wp-block-group widget\"><div class=\"wp-block-group__inner-container is-layout-flow wp-block-group-is-layout-flow\">\n<h2 class=\"wp-block-heading\">Guide language<\/h2>\n\n\n\n<\/div><\/div>\n<\/div>\n\n\n\n<div class=\"wp-block-column lista-guias is-layout-flow wp-block-column-is-layout-flow\" style=\"flex-basis:80%\">\n<\/div>\n<\/div>\n\n\n\n<div class=\"wp-block-columns texto-guias inferior is-layout-flex wp-container-core-columns-is-layout-9d6595d7 wp-block-columns-is-layout-flex\">\n<div class=\"wp-block-column is-layout-flow wp-block-column-is-layout-flow\">\n<h2 class=\"wp-block-heading\">Tourist guides in Valencia<\/h2>\n\n\n\n<div class=\"wp-block-group texto-cortado\"><div class=\"wp-block-group__inner-container is-layout-flow wp-block-group-is-layout-flow\">\n<p>The Valencian Community does not only have a spectacular seaside. Are you a nature lover? Do you appreciate the good climate all year round? Do you love the idea of walking around an entire city? No problem, we offer you different options so you can adapt them to your needs and preferences.<\/p>\n\n\n\n<p>Do you prefer the tranquility that Alicante offers? Perhaps the miles of white sand of Castell\u00f3n? Or do you bet directly on the most cosmopolitan city, Valencia? A varied gastronomy, culture within your reach, the beach just a stone\u2019s throw away, the backpacking life? There are many reasons why the Valencian Community stands out from the rest. Whatever your travel preferences are, our official guides will accompany you to visit every place in great detail.<\/p>\n\n\n\n<p>Start by taking a trip to the past by visiting the historical centre of Valencia alongside our tourist guides. Take a walk through the narrow streets of the beautiful <em>Barrio del Carmen<\/em>, enjoy a good lunch in <em>Plaza de la Reina<\/em> or take a visit to the Central Market and soak up the aromas that each of its food stalls gives off. The building is impressive and one of the most representative works of Valencian Modernism. Right opposite you will find the<em> Lonja<\/em>, an example of Civil Gothic work that is a must-see.<\/p>\n\n\n\n<p>On the other hand, don\u2019t miss the most emblematic places in the city either: the <em>Oceanogr\u00e1fico<\/em>, the surprising City of Arts and Sciences, spectacular buildings like the one that now houses the Post Office\u2026 But the Valencian Community has two more must-sees: Castell\u00f3n and Alicante.<\/p>\n<\/div><\/div>\n<\/div>\n\n\n\n<div class=\"wp-block-column is-layout-flow wp-block-column-is-layout-flow\">\n<h2 class=\"wp-block-heading\">Tourist guides in Castell\u00f3n<\/h2>\n\n\n\n<div class=\"wp-block-group texto-cortado\"><div class=\"wp-block-group__inner-container is-layout-flow wp-block-group-is-layout-flow\">\n<p>Castell\u00f3n is the perfect place for people passionate about architecture, history and medieval legends. Imagine walking through places that the very protagonists of Game of Thrones have passed through, along the walls of the Pe\u00f1\u00edscola Castle and contemplating a unique landscape. Discover traditions that are more alive than ever and take a trip to places full of history with our expert tourist guides of the area.<\/p>\n\n\n\n<p>Obviously, you can also take the opportunity to taste the mouth-watering gastronomy of the coast. Out tourist guides always have the best restaurant recommendations.<\/p>\n\n\n\n<p>And what about the music festival-goers? Castell\u00f3n will not disappoint you. You will surely have heard about the Arenal Sound Festival in Burriana or the Benicassim International Festival, FIB. Enjoy the best live pop, rock, indie and electronic music. We advise you to take a few days off afterwards!<\/p>\n<\/div><\/div>\n<\/div>\n\n\n\n<div class=\"wp-block-column is-layout-flow wp-block-column-is-layout-flow\">\n<h2 class=\"wp-block-heading\">Tourist guides in Alicante<\/h2>\n\n\n\n<div class=\"wp-block-group texto-cortado\"><div class=\"wp-block-group__inner-container is-layout-flow wp-block-group-is-layout-flow\">\n<p>Alicante has nothing to envy the bigger cities. Alicante means sea, fresh product, peace, unique corners\u2026 The perfect place to go on a weekend getaway and let your mind free. Do you struggle to decide which specific places are the most recommended to visit? Are you a beginner in the trekking way of life? Clear up your doubts with our official tourist guides.<\/p>\n\n\n\n<p>If hiking is your thing, in Alicante you will find <em>Vall de Laguar<\/em>, known as the cathedral of hiking. For those who wish to enjoy a more relaxing stay, we suggest the <em>Santa Cruz<\/em> district. Walking through its narrow streets while contemplating the whiteness of its houses and the colourful plants that decorate them it\u2019s an activity that delights the senses. Moreover, you can discover some of its towns, authentic jewels within the Valencian Community. For example, Villajoyosa, with its fishermen\u2019s houses decorated in different colours, the lovely white city of Altea or one of the most charming villages in Spain: El Castell de Guadalest.<\/p>\n\n\n\n<p>Don\u2019t think twice and sign up for this delightful adventure with the official tourist guides of the Valencian Community.<\/p>\n<\/div><\/div>\n<\/div>\n<\/div>\n","protected":false},"excerpt":{"rendered":"<p>Are you planning on taking a few days off to get lost somewhere? Don\u2019t give it another thought, we have the perfect destination for your next holiday: the Valencian Community. Exquisite cuisine for foodie lovers, hiking trails for the more adventurous, dozens of museums for people passionate about culture and hundreds of options to enjoy nightlight. The Valencian Community is [&hellip;]<\/p>\n","protected":false},"author":800,"featured_media":6369,"parent":0,"menu_order":0,"comment_status":"closed","ping_status":"closed","template":"page-templates\/full-width.php","meta":{"_acf_changed":false,"_bbp_topic_count":0,"_bbp_reply_count":0,"_bbp_total_topic_count":0,"_bbp_total_reply_count":0,"_bbp_voice_count":0,"_bbp_anonymous_reply_count":0,"_bbp_topic_count_hidden":0,"_bbp_reply_count_hidden":0,"_bbp_forum_subforum_count":0,"footnotes":""},"class_list":["post-7997","page","type-page","status-publish","has-post-thumbnail","hentry"],"acf":[],"yoast_head":"<!-- This site is optimized with the Yoast SEO plugin v27.3 - https:\/\/yoast.com\/product\/yoast-seo-wordpress\/ -->\n<title>Guides &#8211; Gu\u00edas Tur\u00edsticos Oficiales Comunidad Valenciana<\/title>\n<meta name=\"robots\" content=\"index, follow, max-snippet:-1, max-image-preview:large, max-video-preview:-1\" \/>\n<link rel=\"canonical\" href=\"https:\/\/guiasoficialescv.com\/en\/our-guides\/\" \/>\n<meta property=\"og:locale\" content=\"en_US\" \/>\n<meta property=\"og:type\" content=\"article\" \/>\n<meta property=\"og:title\" content=\"Guides &#8211; Gu\u00edas Tur\u00edsticos Oficiales Comunidad Valenciana\" \/>\n<meta property=\"og:description\" content=\"Are you planning on taking a few days off to get lost somewhere? Don\u2019t give it another thought, we have the perfect destination for your next holiday: the Valencian Community. Exquisite cuisine for foodie lovers, hiking trails for the more adventurous, dozens of museums for people passionate about culture and hundreds of options to enjoy nightlight. The Valencian Community is [&hellip;]\" \/>\n<meta property=\"og:url\" content=\"https:\/\/guiasoficialescv.com\/en\/our-guides\/\" \/>\n<meta property=\"og:site_name\" content=\"Gu\u00edas Tur\u00edsticos Oficiales Comunidad Valenciana\" \/>\n<meta property=\"article:publisher\" content=\"https:\/\/www.facebook.com\/GuiasOficialesCV\" \/>\n<meta property=\"article:modified_time\" content=\"2022-09-05T16:42:29+00:00\" \/>\n<meta property=\"og:image\" content=\"https:\/\/guiasoficialescv.com\/wp-content\/uploads\/2020\/12\/guia-turistico-lonja-valencia.jpg\" \/>\n\t<meta property=\"og:image:width\" content=\"1920\" \/>\n\t<meta property=\"og:image:height\" content=\"1280\" \/>\n\t<meta property=\"og:image:type\" content=\"image\/jpeg\" \/>\n<meta name=\"twitter:card\" content=\"summary_large_image\" \/>\n<meta name=\"twitter:label1\" content=\"Est. reading time\" \/>\n\t<meta name=\"twitter:data1\" content=\"5 minutes\" \/>\n<script type=\"application\/ld+json\" class=\"yoast-schema-graph\">{\"@context\":\"https:\\\/\\\/schema.org\",\"@graph\":[{\"@type\":\"WebPage\",\"@id\":\"https:\\\/\\\/guiasoficialescv.com\\\/en\\\/our-guides\\\/\",\"url\":\"https:\\\/\\\/guiasoficialescv.com\\\/en\\\/our-guides\\\/\",\"name\":\"Guides &#8211; Gu\u00edas Tur\u00edsticos Oficiales Comunidad Valenciana\",\"isPartOf\":{\"@id\":\"https:\\\/\\\/guiasoficialescv.com\\\/en\\\/#website\"},\"primaryImageOfPage\":{\"@id\":\"https:\\\/\\\/guiasoficialescv.com\\\/en\\\/our-guides\\\/#primaryimage\"},\"image\":{\"@id\":\"https:\\\/\\\/guiasoficialescv.com\\\/en\\\/our-guides\\\/#primaryimage\"},\"thumbnailUrl\":\"https:\\\/\\\/guiasoficialescv.com\\\/wp-content\\\/uploads\\\/2020\\\/12\\\/guia-turistico-lonja-valencia.jpg\",\"datePublished\":\"2022-09-05T16:16:10+00:00\",\"dateModified\":\"2022-09-05T16:42:29+00:00\",\"breadcrumb\":{\"@id\":\"https:\\\/\\\/guiasoficialescv.com\\\/en\\\/our-guides\\\/#breadcrumb\"},\"inLanguage\":\"en-US\",\"potentialAction\":[{\"@type\":\"ReadAction\",\"target\":[\"https:\\\/\\\/guiasoficialescv.com\\\/en\\\/our-guides\\\/\"]}]},{\"@type\":\"ImageObject\",\"inLanguage\":\"en-US\",\"@id\":\"https:\\\/\\\/guiasoficialescv.com\\\/en\\\/our-guides\\\/#primaryimage\",\"url\":\"https:\\\/\\\/guiasoficialescv.com\\\/wp-content\\\/uploads\\\/2020\\\/12\\\/guia-turistico-lonja-valencia.jpg\",\"contentUrl\":\"https:\\\/\\\/guiasoficialescv.com\\\/wp-content\\\/uploads\\\/2020\\\/12\\\/guia-turistico-lonja-valencia.jpg\",\"width\":1920,\"height\":1280,\"caption\":\"Gu\u00eda turistico Lonja Valencia\"},{\"@type\":\"BreadcrumbList\",\"@id\":\"https:\\\/\\\/guiasoficialescv.com\\\/en\\\/our-guides\\\/#breadcrumb\",\"itemListElement\":[{\"@type\":\"ListItem\",\"position\":1,\"name\":\"Home\",\"item\":\"https:\\\/\\\/guiasoficialescv.com\\\/en\\\/\"},{\"@type\":\"ListItem\",\"position\":2,\"name\":\"Guides\"}]},{\"@type\":\"WebSite\",\"@id\":\"https:\\\/\\\/guiasoficialescv.com\\\/en\\\/#website\",\"url\":\"https:\\\/\\\/guiasoficialescv.com\\\/en\\\/\",\"name\":\"Gu\u00edas Tur\u00edsticos Oficiales Comunidad Valenciana\",\"description\":\"Asociaci\u00f3n de Gu\u00edas Oficiales de Turismo en la Comunidad Valenciana\",\"publisher\":{\"@id\":\"https:\\\/\\\/guiasoficialescv.com\\\/en\\\/#organization\"},\"potentialAction\":[{\"@type\":\"SearchAction\",\"target\":{\"@type\":\"EntryPoint\",\"urlTemplate\":\"https:\\\/\\\/guiasoficialescv.com\\\/en\\\/?s={search_term_string}\"},\"query-input\":{\"@type\":\"PropertyValueSpecification\",\"valueRequired\":true,\"valueName\":\"search_term_string\"}}],\"inLanguage\":\"en-US\"},{\"@type\":\"Organization\",\"@id\":\"https:\\\/\\\/guiasoficialescv.com\\\/en\\\/#organization\",\"name\":\"Asociaci\u00f3n Gu\u00edas Oficiales de la Comunidad Valenciana\",\"url\":\"https:\\\/\\\/guiasoficialescv.com\\\/en\\\/\",\"logo\":{\"@type\":\"ImageObject\",\"inLanguage\":\"en-US\",\"@id\":\"https:\\\/\\\/guiasoficialescv.com\\\/en\\\/#\\\/schema\\\/logo\\\/image\\\/\",\"url\":\"https:\\\/\\\/guiasoficialescv.com\\\/wp-content\\\/uploads\\\/2023\\\/08\\\/logotipo-guias-oficiales-comunitat-valenciana.jpg\",\"contentUrl\":\"https:\\\/\\\/guiasoficialescv.com\\\/wp-content\\\/uploads\\\/2023\\\/08\\\/logotipo-guias-oficiales-comunitat-valenciana.jpg\",\"width\":450,\"height\":450,\"caption\":\"Asociaci\u00f3n Gu\u00edas Oficiales de la Comunidad Valenciana\"},\"image\":{\"@id\":\"https:\\\/\\\/guiasoficialescv.com\\\/en\\\/#\\\/schema\\\/logo\\\/image\\\/\"},\"sameAs\":[\"https:\\\/\\\/www.facebook.com\\\/GuiasOficialesCV\"]}]}<\/script>\n<!-- \/ Yoast SEO plugin. -->","yoast_head_json":{"title":"Guides &#8211; Gu\u00edas Tur\u00edsticos Oficiales Comunidad Valenciana","robots":{"index":"index","follow":"follow","max-snippet":"max-snippet:-1","max-image-preview":"max-image-preview:large","max-video-preview":"max-video-preview:-1"},"canonical":"https:\/\/guiasoficialescv.com\/en\/our-guides\/","og_locale":"en_US","og_type":"article","og_title":"Guides &#8211; Gu\u00edas Tur\u00edsticos Oficiales Comunidad Valenciana","og_description":"Are you planning on taking a few days off to get lost somewhere? Don\u2019t give it another thought, we have the perfect destination for your next holiday: the Valencian Community. Exquisite cuisine for foodie lovers, hiking trails for the more adventurous, dozens of museums for people passionate about culture and hundreds of options to enjoy nightlight. The Valencian Community is [&hellip;]","og_url":"https:\/\/guiasoficialescv.com\/en\/our-guides\/","og_site_name":"Gu\u00edas Tur\u00edsticos Oficiales Comunidad Valenciana","article_publisher":"https:\/\/www.facebook.com\/GuiasOficialesCV","article_modified_time":"2022-09-05T16:42:29+00:00","og_image":[{"width":1920,"height":1280,"url":"https:\/\/guiasoficialescv.com\/wp-content\/uploads\/2020\/12\/guia-turistico-lonja-valencia.jpg","type":"image\/jpeg"}],"twitter_card":"summary_large_image","twitter_misc":{"Est. reading time":"5 minutes"},"schema":{"@context":"https:\/\/schema.org","@graph":[{"@type":"WebPage","@id":"https:\/\/guiasoficialescv.com\/en\/our-guides\/","url":"https:\/\/guiasoficialescv.com\/en\/our-guides\/","name":"Guides &#8211; Gu\u00edas Tur\u00edsticos Oficiales Comunidad Valenciana","isPartOf":{"@id":"https:\/\/guiasoficialescv.com\/en\/#website"},"primaryImageOfPage":{"@id":"https:\/\/guiasoficialescv.com\/en\/our-guides\/#primaryimage"},"image":{"@id":"https:\/\/guiasoficialescv.com\/en\/our-guides\/#primaryimage"},"thumbnailUrl":"https:\/\/guiasoficialescv.com\/wp-content\/uploads\/2020\/12\/guia-turistico-lonja-valencia.jpg","datePublished":"2022-09-05T16:16:10+00:00","dateModified":"2022-09-05T16:42:29+00:00","breadcrumb":{"@id":"https:\/\/guiasoficialescv.com\/en\/our-guides\/#breadcrumb"},"inLanguage":"en-US","potentialAction":[{"@type":"ReadAction","target":["https:\/\/guiasoficialescv.com\/en\/our-guides\/"]}]},{"@type":"ImageObject","inLanguage":"en-US","@id":"https:\/\/guiasoficialescv.com\/en\/our-guides\/#primaryimage","url":"https:\/\/guiasoficialescv.com\/wp-content\/uploads\/2020\/12\/guia-turistico-lonja-valencia.jpg","contentUrl":"https:\/\/guiasoficialescv.com\/wp-content\/uploads\/2020\/12\/guia-turistico-lonja-valencia.jpg","width":1920,"height":1280,"caption":"Gu\u00eda turistico Lonja Valencia"},{"@type":"BreadcrumbList","@id":"https:\/\/guiasoficialescv.com\/en\/our-guides\/#breadcrumb","itemListElement":[{"@type":"ListItem","position":1,"name":"Home","item":"https:\/\/guiasoficialescv.com\/en\/"},{"@type":"ListItem","position":2,"name":"Guides"}]},{"@type":"WebSite","@id":"https:\/\/guiasoficialescv.com\/en\/#website","url":"https:\/\/guiasoficialescv.com\/en\/","name":"Gu\u00edas Tur\u00edsticos Oficiales Comunidad Valenciana","description":"Asociaci\u00f3n de Gu\u00edas Oficiales de Turismo en la Comunidad Valenciana","publisher":{"@id":"https:\/\/guiasoficialescv.com\/en\/#organization"},"potentialAction":[{"@type":"SearchAction","target":{"@type":"EntryPoint","urlTemplate":"https:\/\/guiasoficialescv.com\/en\/?s={search_term_string}"},"query-input":{"@type":"PropertyValueSpecification","valueRequired":true,"valueName":"search_term_string"}}],"inLanguage":"en-US"},{"@type":"Organization","@id":"https:\/\/guiasoficialescv.com\/en\/#organization","name":"Asociaci\u00f3n Gu\u00edas Oficiales de la Comunidad Valenciana","url":"https:\/\/guiasoficialescv.com\/en\/","logo":{"@type":"ImageObject","inLanguage":"en-US","@id":"https:\/\/guiasoficialescv.com\/en\/#\/schema\/logo\/image\/","url":"https:\/\/guiasoficialescv.com\/wp-content\/uploads\/2023\/08\/logotipo-guias-oficiales-comunitat-valenciana.jpg","contentUrl":"https:\/\/guiasoficialescv.com\/wp-content\/uploads\/2023\/08\/logotipo-guias-oficiales-comunitat-valenciana.jpg","width":450,"height":450,"caption":"Asociaci\u00f3n Gu\u00edas Oficiales de la Comunidad Valenciana"},"image":{"@id":"https:\/\/guiasoficialescv.com\/en\/#\/schema\/logo\/image\/"},"sameAs":["https:\/\/www.facebook.com\/GuiasOficialesCV"]}]}},"_links":{"self":[{"href":"https:\/\/guiasoficialescv.com\/en\/wp-json\/wp\/v2\/pages\/7997","targetHints":{"allow":["GET"]}}],"collection":[{"href":"https:\/\/guiasoficialescv.com\/en\/wp-json\/wp\/v2\/pages"}],"about":[{"href":"https:\/\/guiasoficialescv.com\/en\/wp-json\/wp\/v2\/types\/page"}],"author":[{"embeddable":true,"href":"https:\/\/guiasoficialescv.com\/en\/wp-json\/wp\/v2\/users\/800"}],"replies":[{"embeddable":true,"href":"https:\/\/guiasoficialescv.com\/en\/wp-json\/wp\/v2\/comments?post=7997"}],"version-history":[{"count":1,"href":"https:\/\/guiasoficialescv.com\/en\/wp-json\/wp\/v2\/pages\/7997\/revisions"}],"predecessor-version":[{"id":7998,"href":"https:\/\/guiasoficialescv.com\/en\/wp-json\/wp\/v2\/pages\/7997\/revisions\/7998"}],"wp:featuredmedia":[{"embeddable":true,"href":"https:\/\/guiasoficialescv.com\/en\/wp-json\/wp\/v2\/media\/6369"}],"wp:attachment":[{"href":"https:\/\/guiasoficialescv.com\/en\/wp-json\/wp\/v2\/media?parent=7997"}],"curies":[{"name":"wp","href":"https:\/\/api.w.org\/{rel}","templated":true}]}}